{"id":1718,"date":"2025-01-24T16:00:39","date_gmt":"2025-01-24T19:00:39","guid":{"rendered":"https:\/\/padraovhml.tech.math.group\/?page_id=25"},"modified":"2025-01-24T16:00:39","modified_gmt":"2025-01-24T19:00:39","slug":"quem-somos-2","status":"publish","type":"page","link":"https:\/\/cimatsrl.com\/es\/quem-somos-2\/","title":{"rendered":"Qui\u00e9nes somos"},"content":{"rendered":"<div data-elementor-type=\"wp-page\" data-elementor-id=\"1718\" class=\"elementor elementor-1718\">\n\t\t\t\t<div class=\"elementor-element elementor-element-e11e28b e-con-full main-title e-flex e-con e-parent\" data-id=\"e11e28b\" data-element_type=\"container\" data-settings=\"{&quot;background_background&quot;:&quot;classic&quot;}\">\n\t\t\t\t<div class=\"elementor-element elementor-element-e6303da elementor-widget elementor-widget-text-editor\" data-id=\"e6303da\" data-element_type=\"widget\" data-widget_type=\"text-editor.default\">\n\t\t\t\t<div class=\"elementor-widget-container\">\n\t\t\t\t\t\t\t\t\t<p>Cimat S.R.L<\/p>\t\t\t\t\t\t\t\t<\/div>\n\t\t\t\t<\/div>\n\t\t\t\t<\/div>\n\t\t<div class=\"elementor-element elementor-element-81a5fe9 e-con-full content e-flex e-con e-parent\" data-id=\"81a5fe9\" data-element_type=\"container\">\n\t\t\t\t<div class=\"elementor-element elementor-element-4183bb8 main-title with-separator elementor-widget elementor-widget-heading\" data-id=\"4183bb8\" data-element_type=\"widget\" data-widget_type=\"heading.default\">\n\t\t\t\t<div class=\"elementor-widget-container\">\n\t\t\t\t\t<span class=\"elementor-heading-title elementor-size-default\">Historia<\/span>\t\t\t\t<\/div>\n\t\t\t\t<\/div>\n\t\t\t\t<\/div>\n\t\t<div class=\"elementor-element elementor-element-cd654e4 e-flex e-con-boxed e-con e-parent\" data-id=\"cd654e4\" data-element_type=\"container\">\n\t\t\t\t\t<div class=\"e-con-inner\">\n\t\t<div class=\"elementor-element elementor-element-1579cc0 e-con-full e-flex e-con e-child\" data-id=\"1579cc0\" data-element_type=\"container\">\n\t\t\t\t<div class=\"elementor-element elementor-element-4a47b92 main-subtitle elementor-widget elementor-widget-heading\" data-id=\"4a47b92\" data-element_type=\"widget\" data-widget_type=\"heading.default\">\n\t\t\t\t<div class=\"elementor-widget-container\">\n\t\t\t\t\t<span class=\"elementor-heading-title elementor-size-default\">Pionerismo centrado en el productor\n<\/span>\t\t\t\t<\/div>\n\t\t\t\t<\/div>\n\t\t\t\t<div class=\"elementor-element elementor-element-a9a47fe elementor-widget elementor-widget-text-editor\" data-id=\"a9a47fe\" data-element_type=\"widget\" data-widget_type=\"text-editor.default\">\n\t\t\t\t<div class=\"elementor-widget-container\">\n\t\t\t\t\t\t\t\t\t<p>Empezamos en 1941 en Finlandia y\u00a0desde entonces trabajamos con el compromiso de ofrecer soluciones tecnol\u00f3gicas y personalizadas para uno de los sectores m\u00e1s importantes: la agroindustria.<\/p><p>Nuestra dedicaci\u00f3n es constante para entregar ese mismo esp\u00edritu pionero a cada productor en cada cultivo, despu\u00e9s de todo, sabemos que el campo est\u00e1 en constante evoluci\u00f3n.\u00a0Para ello, contamos con una l\u00ednea completa de m\u00e1quinas agr\u00edcolas que ayudan a superar los desaf\u00edos a lo largo de todo el ciclo productivo.<\/p><p>Sobre la base de sus ra\u00edces n\u00f3rdicas, los tractores Valtra son reconocidos por su facilidad de uso, fiabilidad y versatilidad. Cada tractor se dise\u00f1a espec\u00edficamente para cumplir las necesidades individuales del cliente y se fabrica para resistir los climas m\u00e1s hostiles y ofrecer el m\u00e1ximo nivel de rendimiento en las condiciones de trabajo m\u00e1s exigentes.\u00a0<\/p>\t\t\t\t\t\t\t\t<\/div>\n\t\t\t\t<\/div>\n\t\t\t\t<\/div>\n\t\t<div class=\"elementor-element elementor-element-cdec6f4 e-con-full e-flex e-con e-child\" data-id=\"cdec6f4\" data-element_type=\"container\">\n\t\t\t\t<div class=\"elementor-element elementor-element-1d57fe2 elementor-widget elementor-widget-image\" data-id=\"1d57fe2\" data-element_type=\"widget\" data-widget_type=\"image.default\">\n\t\t\t\t<div class=\"elementor-widget-container\">\n\t\t\t\t\t\t\t\t\t\t\t\t\t\t\t<img fetchpriority=\"high\" decoding=\"async\" width=\"700\" height=\"600\" src=\"https:\/\/cimatsrl.com\/wp-content\/uploads\/sites\/8\/2025\/02\/Background.jpg\" class=\"attachment-large size-large wp-image-120\" alt=\"\" srcset=\"https:\/\/cimatsrl.com\/wp-content\/uploads\/sites\/8\/2025\/02\/Background.jpg 700w, https:\/\/cimatsrl.com\/wp-content\/uploads\/sites\/8\/2025\/02\/Background-300x257.jpg 300w\" sizes=\"(max-width: 700px) 100vw, 700px\" \/>\t\t\t\t\t\t\t\t\t\t\t\t\t\t\t<\/div>\n\t\t\t\t<\/div>\n\t\t\t\t<\/div>\n\t\t\t\t\t<\/div>\n\t\t\t\t<\/div>\n\t\t<div class=\"elementor-element elementor-element-86cd628 e-flex e-con-boxed e-con e-parent\" data-id=\"86cd628\" data-element_type=\"container\">\n\t\t\t\t\t<div class=\"e-con-inner\">\n\t\t<div class=\"elementor-element elementor-element-3879cc9 e-con-full e-flex e-con e-child\" data-id=\"3879cc9\" data-element_type=\"container\">\n\t\t\t\t<div class=\"elementor-element elementor-element-d3b5aad elementor-widget elementor-widget-image\" data-id=\"d3b5aad\" data-element_type=\"widget\" data-widget_type=\"image.default\">\n\t\t\t\t<div class=\"elementor-widget-container\">\n\t\t\t\t\t\t\t\t\t\t\t\t\t\t\t<img decoding=\"async\" width=\"600\" height=\"600\" src=\"https:\/\/cimatsrl.com\/wp-content\/uploads\/sites\/8\/2025\/02\/Background-600x600.jpg\" class=\"attachment-gb-block-post-grid-square size-gb-block-post-grid-square wp-image-120\" alt=\"\" srcset=\"https:\/\/cimatsrl.com\/wp-content\/uploads\/sites\/8\/2025\/02\/Background-600x600.jpg 600w, https:\/\/cimatsrl.com\/wp-content\/uploads\/sites\/8\/2025\/02\/Background-150x150.jpg 150w\" sizes=\"(max-width: 600px) 100vw, 600px\" \/>\t\t\t\t\t\t\t\t\t\t\t\t\t\t\t<\/div>\n\t\t\t\t<\/div>\n\t\t\t\t<\/div>\n\t\t<div class=\"elementor-element elementor-element-b09364b e-con-full e-flex e-con e-child\" data-id=\"b09364b\" data-element_type=\"container\">\n\t\t\t\t<div class=\"elementor-element elementor-element-e249cb0 main-subtitle elementor-widget elementor-widget-heading\" data-id=\"e249cb0\" data-element_type=\"widget\" data-widget_type=\"heading.default\">\n\t\t\t\t<div class=\"elementor-widget-container\">\n\t\t\t\t\t<span class=\"elementor-heading-title elementor-size-default\">Grupo AGCO<\/span>\t\t\t\t<\/div>\n\t\t\t\t<\/div>\n\t\t\t\t<div class=\"elementor-element elementor-element-5d3e841 elementor-widget elementor-widget-text-editor\" data-id=\"5d3e841\" data-element_type=\"widget\" data-widget_type=\"text-editor.default\">\n\t\t\t\t<div class=\"elementor-widget-container\">\n\t\t\t\t\t\t\t\t\t<p>Valtra es una de las marcas del grupo AGCO, l\u00edder mundial en soluciones agr\u00edcolas.\u00a0As\u00ed, no faltan conocimientos para actuar enfocados en las necesidades del productor.\u00a0Independientemente de d\u00f3nde se encuentre, estamos en constante expansi\u00f3n para brindar soporte a trav\u00e9s de nuestros productos, red de Concesionarios y equipo de expertos.<\/p><p>AGCO tiene su sede central en Duluth (Georgia, EE.\u00a0UU.) y es un l\u00edder global en dise\u00f1o, fabricaci\u00f3n y distribuci\u00f3n de soluciones agr\u00edcolas que fomenta una agricultura m\u00e1s productiva mediante su gama completa de equipos y servicios relacionados.\u00a0<\/p><p>La diversidad t\u00e9cnica y la calidad de dise\u00f1o de sus productos, junto con su excelente atenci\u00f3n al cliente, han convertido a AGCO en la opci\u00f3n elegida por profesionales de todo el mundo.<\/p>\t\t\t\t\t\t\t\t<\/div>\n\t\t\t\t<\/div>\n\t\t\t\t<div class=\"elementor-element elementor-element-8bf19a6 elementor-align-left elementor-widget elementor-widget-button\" data-id=\"8bf19a6\" data-element_type=\"widget\" data-widget_type=\"button.default\">\n\t\t\t\t<div class=\"elementor-widget-container\">\n\t\t\t\t\t\t\t\t\t<div class=\"elementor-button-wrapper\">\n\t\t\t\t\t<a class=\"elementor-button elementor-button-link elementor-size-sm\" href=\"https:\/\/www.agco.com.ar\/\">\n\t\t\t\t\t\t<span class=\"elementor-button-content-wrapper\">\n\t\t\t\t\t\t\t\t\t<span class=\"elementor-button-text\">Conocer m\u00e1s dde agco<\/span>\n\t\t\t\t\t<\/span>\n\t\t\t\t\t<\/a>\n\t\t\t\t<\/div>\n\t\t\t\t\t\t\t\t<\/div>\n\t\t\t\t<\/div>\n\t\t\t\t<\/div>\n\t\t\t\t\t<\/div>\n\t\t\t\t<\/div>\n\t\t<div class=\"elementor-element elementor-element-38e783f e-flex e-con-boxed e-con e-parent\" data-id=\"38e783f\" data-element_type=\"container\">\n\t\t\t\t\t<div class=\"e-con-inner\">\n\t\t<div class=\"elementor-element elementor-element-353104d e-con-full e-flex e-con e-child\" data-id=\"353104d\" data-element_type=\"container\">\n\t\t\t\t<div class=\"elementor-element elementor-element-c23dbb9 main-subtitle elementor-widget elementor-widget-heading\" data-id=\"c23dbb9\" data-element_type=\"widget\" data-widget_type=\"heading.default\">\n\t\t\t\t<div class=\"elementor-widget-container\">\n\t\t\t\t\t<span class=\"elementor-heading-title elementor-size-default\">Mano de obra para que superes desaf\u00edos\n<\/span>\t\t\t\t<\/div>\n\t\t\t\t<\/div>\n\t\t\t\t<div class=\"elementor-element elementor-element-014ad3e elementor-widget elementor-widget-text-editor\" data-id=\"014ad3e\" data-element_type=\"widget\" data-widget_type=\"text-editor.default\">\n\t\t\t\t<div class=\"elementor-widget-container\">\n\t\t\t\t\t\t\t\t\t<p>La tradici\u00f3n de Valtra es sembrar la colaboraci\u00f3n.\u00a0Somos un equipo de profesionales capacitados para dar pleno apoyo a los productores agr\u00edcolas, con constante dedicaci\u00f3n a brindar soluciones confiables y adecuadas a los diferentes perfiles de productores y culturas.\u00a0Con una cartera reconocida y premiada, estamos cerca de los clientes para evolucionar juntos.<\/p><ul><li>Servicio t\u00e9cnico experimentado, r\u00e1pido y confiable<\/li><li>Reconocimiento local e internacional mediante premios nacionales e internacionales<\/li><li>Equipo de profesionales listos para colaborar y preservar el medio ambiente, adem\u00e1s de esforzarse por la salud y seguridad del operador.<\/li><\/ul>\t\t\t\t\t\t\t\t<\/div>\n\t\t\t\t<\/div>\n\t\t\t\t<\/div>\n\t\t<div class=\"elementor-element elementor-element-067b555 e-con-full e-flex e-con e-child\" data-id=\"067b555\" data-element_type=\"container\">\n\t\t\t\t<div class=\"elementor-element elementor-element-e9fbf28 elementor-widget elementor-widget-image\" data-id=\"e9fbf28\" data-element_type=\"widget\" data-widget_type=\"image.default\">\n\t\t\t\t<div class=\"elementor-widget-container\">\n\t\t\t\t\t\t\t\t\t\t\t\t\t\t\t<img decoding=\"async\" width=\"800\" height=\"450\" src=\"https:\/\/cimatsrl.com\/wp-content\/uploads\/sites\/8\/2025\/02\/conforto-como-o-operador-1.jpg\" class=\"attachment-large size-large wp-image-775\" alt=\"\" \/>\t\t\t\t\t\t\t\t\t\t\t\t\t\t\t<\/div>\n\t\t\t\t<\/div>\n\t\t\t\t<\/div>\n\t\t\t\t\t<\/div>\n\t\t\t\t<\/div>\n\t\t<div class=\"elementor-element elementor-element-6047e86 e-flex e-con-boxed e-con e-parent\" data-id=\"6047e86\" data-element_type=\"container\">\n\t\t\t\t\t<div class=\"e-con-inner\">\n\t\t<div class=\"elementor-element elementor-element-f4ee0d5 e-con-full e-flex e-con e-child\" data-id=\"f4ee0d5\" data-element_type=\"container\">\n\t\t\t\t<div class=\"elementor-element elementor-element-2e20057 elementor-widget elementor-widget-image\" data-id=\"2e20057\" data-element_type=\"widget\" data-widget_type=\"image.default\">\n\t\t\t\t<div class=\"elementor-widget-container\">\n\t\t\t\t\t\t\t\t\t\t\t\t\t\t\t<img loading=\"lazy\" decoding=\"async\" width=\"600\" height=\"450\" src=\"https:\/\/cimatsrl.com\/wp-content\/uploads\/sites\/8\/2025\/02\/valtra-colheitadeiras-axiais-800-fieldstar-600x450.jpg\" class=\"attachment-gb-block-post-grid-square size-gb-block-post-grid-square wp-image-562\" alt=\"\" \/>\t\t\t\t\t\t\t\t\t\t\t\t\t\t\t<\/div>\n\t\t\t\t<\/div>\n\t\t\t\t<\/div>\n\t\t<div class=\"elementor-element elementor-element-11ec0f9 e-con-full e-flex e-con e-child\" data-id=\"11ec0f9\" data-element_type=\"container\">\n\t\t\t\t<div class=\"elementor-element elementor-element-18d9d44 main-subtitle elementor-widget elementor-widget-heading\" data-id=\"18d9d44\" data-element_type=\"widget\" data-widget_type=\"heading.default\">\n\t\t\t\t<div class=\"elementor-widget-container\">\n\t\t\t\t\t<span class=\"elementor-heading-title elementor-size-default\">Tecnolog\u00eda para hacerte la vida m\u00e1s f\u00e1cil\n<\/span>\t\t\t\t<\/div>\n\t\t\t\t<\/div>\n\t\t\t\t<div class=\"elementor-element elementor-element-b1aadf7 elementor-widget elementor-widget-text-editor\" data-id=\"b1aadf7\" data-element_type=\"widget\" data-widget_type=\"text-editor.default\">\n\t\t\t\t<div class=\"elementor-widget-container\">\n\t\t\t\t\t\t\t\t\t<p>Entendemos que innovar es buscar soluciones modernas para hacer frente a los constantes cambios en la agricultura.\u00a0Por ello, buscamos una nueva forma de pensar sobre las m\u00e1quinas agr\u00edcolas para que los tractores, pulverizadores, cosechadoras e implementos est\u00e9n alineados con las pr\u00e1cticas modernas de Agricultura 4.0.<\/p><p><strong>Tecnolog\u00eda para facilitar el d\u00eda a d\u00eda en tu explotaci\u00f3n, aportando m\u00e1s calidad y precisi\u00f3n.\u00a0<\/strong><\/p>\t\t\t\t\t\t\t\t<\/div>\n\t\t\t\t<\/div>\n\t\t\t\t<div class=\"elementor-element elementor-element-6c566f8 elementor-align-left elementor-widget elementor-widget-button\" data-id=\"6c566f8\" data-element_type=\"widget\" data-widget_type=\"button.default\">\n\t\t\t\t<div class=\"elementor-widget-container\">\n\t\t\t\t\t\t\t\t\t<div class=\"elementor-button-wrapper\">\n\t\t\t\t\t<a class=\"elementor-button elementor-button-link elementor-size-sm\" href=\"https:\/\/www.agco.com.ar\/\">\n\t\t\t\t\t\t<span class=\"elementor-button-content-wrapper\">\n\t\t\t\t\t\t\t\t\t<span class=\"elementor-button-text\">Conocer m\u00e1s dde agco<\/span>\n\t\t\t\t\t<\/span>\n\t\t\t\t\t<\/a>\n\t\t\t\t<\/div>\n\t\t\t\t\t\t\t\t<\/div>\n\t\t\t\t<\/div>\n\t\t\t\t<\/div>\n\t\t\t\t\t<\/div>\n\t\t\t\t<\/div>\n\t\t\t\t<\/div>","protected":false},"excerpt":{"rendered":"<p>Historia Pionerismo centrado en el productor Empezamos en 1941 en Finlandia y\u00a0desde entonces trabajamos con el compromiso de ofrecer soluciones tecnol\u00f3gicas y personalizadas para uno de los sectores m\u00e1s importantes: la agroindustria. Nuestra dedicaci\u00f3n es constante para entregar ese mismo esp\u00edritu pionero a cada productor en cada cultivo, despu\u00e9s de todo, sabemos que el campo [&hellip;]<\/p>\n","protected":false},"author":1,"featured_media":0,"parent":0,"menu_order":0,"comment_status":"closed","ping_status":"closed","template":"","meta":{"_acf_changed":false,"footnotes":""},"class_list":["post-1718","page","type-page","status-publish","hentry"],"acf":[],"featured_image_src":null,"featured_image_src_square":null,"_links":{"self":[{"href":"https:\/\/cimatsrl.com\/es\/wp-json\/wp\/v2\/pages\/1718","targetHints":{"allow":["GET"]}}],"collection":[{"href":"https:\/\/cimatsrl.com\/es\/wp-json\/wp\/v2\/pages"}],"about":[{"href":"https:\/\/cimatsrl.com\/es\/wp-json\/wp\/v2\/types\/page"}],"author":[{"embeddable":true,"href":"https:\/\/cimatsrl.com\/es\/wp-json\/wp\/v2\/users\/1"}],"replies":[{"embeddable":true,"href":"https:\/\/cimatsrl.com\/es\/wp-json\/wp\/v2\/comments?post=1718"}],"version-history":[{"count":0,"href":"https:\/\/cimatsrl.com\/es\/wp-json\/wp\/v2\/pages\/1718\/revisions"}],"wp:attachment":[{"href":"https:\/\/cimatsrl.com\/es\/wp-json\/wp\/v2\/media?parent=1718"}],"curies":[{"name":"wp","href":"https:\/\/api.w.org\/{rel}","templated":true}]}}