{"id":1644,"date":"2025-06-10T12:40:36","date_gmt":"2025-06-10T15:40:36","guid":{"rendered":"https:\/\/padrao.valtraar.tech.math.group\/?page_id=1644"},"modified":"2025-06-10T12:44:08","modified_gmt":"2025-06-10T15:44:08","slug":"banco-agco-finance","status":"publish","type":"page","link":"https:\/\/cimatsrl.com\/es\/banco-agco-finance\/","title":{"rendered":"Banco AGCO Finance"},"content":{"rendered":"<div data-elementor-type=\"wp-page\" data-elementor-id=\"1644\" class=\"elementor elementor-1644\">\n\t\t\t\t<div class=\"elementor-element elementor-element-6a388c67 e-con-full content e-flex e-con e-parent\" data-id=\"6a388c67\" data-element_type=\"container\">\n\t\t\t\t<div class=\"elementor-element elementor-element-1ee9f6a8 main-title with-separator elementor-widget elementor-widget-heading\" data-id=\"1ee9f6a8\" data-element_type=\"widget\" data-widget_type=\"heading.default\">\n\t\t\t\t<div class=\"elementor-widget-container\">\n\t\t\t\t\t<span class=\"elementor-heading-title elementor-size-default\">Encontr\u00e1 la l\u00ednea de financiamiento ideal\n\n\n\n\n\n\n\n<\/span>\t\t\t\t<\/div>\n\t\t\t\t<\/div>\n\t\t\t\t<\/div>\n\t\t<div class=\"elementor-element elementor-element-63e14d17 e-flex e-con-boxed e-con e-parent\" data-id=\"63e14d17\" data-element_type=\"container\">\n\t\t\t\t\t<div class=\"e-con-inner\">\n\t\t<div class=\"elementor-element elementor-element-2da5138d e-con-full e-flex e-con e-child\" data-id=\"2da5138d\" data-element_type=\"container\" data-settings=\"{&quot;background_background&quot;:&quot;classic&quot;}\">\n\t\t\t\t<div class=\"elementor-element elementor-element-4611c006 elementor-widget elementor-widget-heading\" data-id=\"4611c006\" data-element_type=\"widget\" data-widget_type=\"heading.default\">\n\t\t\t\t<div class=\"elementor-widget-container\">\n\t\t\t\t\t<h2 class=\"elementor-heading-title elementor-size-default\">Quem \u00e9 o AGCO Finance?\n<\/h2>\t\t\t\t<\/div>\n\t\t\t\t<\/div>\n\t\t\t\t<div class=\"elementor-element elementor-element-680e181c elementor-widget-divider--view-line elementor-widget elementor-widget-divider\" data-id=\"680e181c\" data-element_type=\"widget\" data-widget_type=\"divider.default\">\n\t\t\t\t<div class=\"elementor-widget-container\">\n\t\t\t\t\t\t\t<div class=\"elementor-divider\">\n\t\t\t<span class=\"elementor-divider-separator\">\n\t\t\t\t\t\t<\/span>\n\t\t<\/div>\n\t\t\t\t\t\t<\/div>\n\t\t\t\t<\/div>\n\t\t\t\t<div class=\"elementor-element elementor-element-b40d1c2 elementor-widget elementor-widget-text-editor\" data-id=\"b40d1c2\" data-element_type=\"widget\" data-widget_type=\"text-editor.default\">\n\t\t\t\t<div class=\"elementor-widget-container\">\n\t\t\t\t\t\t\t\t\t<div class=\"banner__item\"><div class=\"banner__text\"><div class=\"banner__description\"><p>O banco de F\u00e1brica da Valtra para simplificar a sua vida.<\/p><\/div><\/div><\/div>\t\t\t\t\t\t\t\t<\/div>\n\t\t\t\t<\/div>\n\t\t\t\t<div class=\"elementor-element elementor-element-1d27b139 elementor-widget elementor-widget-button\" data-id=\"1d27b139\" data-element_type=\"widget\" data-widget_type=\"button.default\">\n\t\t\t\t<div class=\"elementor-widget-container\">\n\t\t\t\t\t\t\t\t\t<div class=\"elementor-button-wrapper\">\n\t\t\t\t\t<a class=\"elementor-button elementor-button-link elementor-size-sm\" href=\"\/es\/banco-agco-finance\/quem-e-o-agco-finance\/\">\n\t\t\t\t\t\t<span class=\"elementor-button-content-wrapper\">\n\t\t\t\t\t\t\t\t\t<span class=\"elementor-button-text\">Conhe\u00e7a<\/span>\n\t\t\t\t\t<\/span>\n\t\t\t\t\t<\/a>\n\t\t\t\t<\/div>\n\t\t\t\t\t\t\t\t<\/div>\n\t\t\t\t<\/div>\n\t\t\t\t<\/div>\n\t\t<div class=\"elementor-element elementor-element-1886702d e-con-full e-flex e-con e-child\" data-id=\"1886702d\" data-element_type=\"container\" data-settings=\"{&quot;background_background&quot;:&quot;classic&quot;}\">\n\t\t\t\t<div class=\"elementor-element elementor-element-1cf37cd1 elementor-widget elementor-widget-heading\" data-id=\"1cf37cd1\" data-element_type=\"widget\" data-widget_type=\"heading.default\">\n\t\t\t\t<div class=\"elementor-widget-container\">\n\t\t\t\t\t<h2 class=\"elementor-heading-title elementor-size-default\">Solu\u00e7\u00f5es financeiras\n<\/h2>\t\t\t\t<\/div>\n\t\t\t\t<\/div>\n\t\t\t\t<div class=\"elementor-element elementor-element-15ad46a elementor-widget-divider--view-line elementor-widget elementor-widget-divider\" data-id=\"15ad46a\" data-element_type=\"widget\" data-widget_type=\"divider.default\">\n\t\t\t\t<div class=\"elementor-widget-container\">\n\t\t\t\t\t\t\t<div class=\"elementor-divider\">\n\t\t\t<span class=\"elementor-divider-separator\">\n\t\t\t\t\t\t<\/span>\n\t\t<\/div>\n\t\t\t\t\t\t<\/div>\n\t\t\t\t<\/div>\n\t\t\t\t<div class=\"elementor-element elementor-element-74f46417 elementor-widget elementor-widget-text-editor\" data-id=\"74f46417\" data-element_type=\"widget\" data-widget_type=\"text-editor.default\">\n\t\t\t\t<div class=\"elementor-widget-container\">\n\t\t\t\t\t\t\t\t\t<div class=\"banner__item\"><div class=\"banner__text\"><div class=\"banner__description\"><div class=\"bannercomp aem-GridColumn aem-GridColumn--default--12\"><div class=\"banner\"><div class=\"banner__ctn\"><div class=\"banner__item\"><div class=\"banner__text\"><div class=\"banner__description\"><p>Descubra as melhores op\u00e7\u00f5es financeiras para adquirir seu Valtra.<\/p><\/div><\/div><\/div><\/div><\/div><\/div><\/div><\/div><\/div>\t\t\t\t\t\t\t\t<\/div>\n\t\t\t\t<\/div>\n\t\t\t\t<div class=\"elementor-element elementor-element-a2a5630 elementor-widget elementor-widget-button\" data-id=\"a2a5630\" data-element_type=\"widget\" data-widget_type=\"button.default\">\n\t\t\t\t<div class=\"elementor-widget-container\">\n\t\t\t\t\t\t\t\t\t<div class=\"elementor-button-wrapper\">\n\t\t\t\t\t<a class=\"elementor-button elementor-button-link elementor-size-sm\" href=\"\/es\/banco-agco-finance\/linha-de-financiamento\/\">\n\t\t\t\t\t\t<span class=\"elementor-button-content-wrapper\">\n\t\t\t\t\t\t\t\t\t<span class=\"elementor-button-text\">Conhe\u00e7a<\/span>\n\t\t\t\t\t<\/span>\n\t\t\t\t\t<\/a>\n\t\t\t\t<\/div>\n\t\t\t\t\t\t\t\t<\/div>\n\t\t\t\t<\/div>\n\t\t\t\t<\/div>\n\t\t\t\t\t<\/div>\n\t\t\t\t<\/div>\n\t\t<div class=\"elementor-element elementor-element-258d2186 e-flex e-con-boxed e-con e-parent\" data-id=\"258d2186\" data-element_type=\"container\">\n\t\t\t\t\t<div class=\"e-con-inner\">\n\t\t\t\t<div class=\"elementor-element elementor-element-398b919d elementor-widget elementor-widget-text-editor\" data-id=\"398b919d\" data-element_type=\"widget\" data-widget_type=\"text-editor.default\">\n\t\t\t\t<div class=\"elementor-widget-container\">\n\t\t\t\t\t\t\t\t\t<p>AGCO Finance \u00e9 uma marca registrada e Unidade de Neg\u00f3cios do Banco De Lage Landen Brasil S.A. Todos os direitos reservados ao Banco De Lage Landen Brasil S.A.<br \/><br \/>Cr\u00e9dito sujeito \u00e0 aprova\u00e7\u00e3o pelo Banco de Lage Landen Brasil S.A. e disponibilidade de recursos do BNDES. Conforme pol\u00edtica de cr\u00e9dito. Condi\u00e7\u00f5es conforme normas divulgadas pelo BACEN em 18\/06\/2020 e sujeitas a altera\u00e7\u00f5es a qualquer tempo pelo BNDES. Vig\u00eancia: 01\/07\/2020 a 30\/06\/2021, respeitando o limite or\u00e7ament\u00e1rio do programa.<\/p>\t\t\t\t\t\t\t\t<\/div>\n\t\t\t\t<\/div>\n\t\t\t\t\t<\/div>\n\t\t\t\t<\/div>\n\t\t\t\t<\/div>","protected":false},"excerpt":{"rendered":"<p>Encontr\u00e1 la l\u00ednea de financiamiento ideal Quem \u00e9 o AGCO Finance? O banco de F\u00e1brica da Valtra para simplificar a sua vida. Conhe\u00e7a Solu\u00e7\u00f5es financeiras Descubra as melhores op\u00e7\u00f5es financeiras para adquirir seu Valtra. Conhe\u00e7a AGCO Finance \u00e9 uma marca registrada e Unidade de Neg\u00f3cios do Banco De Lage Landen Brasil S.A. Todos os direitos [&hellip;]<\/p>\n","protected":false},"author":1,"featured_media":0,"parent":0,"menu_order":0,"comment_status":"closed","ping_status":"closed","template":"","meta":{"_acf_changed":false,"footnotes":""},"class_list":["post-1644","page","type-page","status-publish","hentry"],"acf":[],"featured_image_src":null,"featured_image_src_square":null,"_links":{"self":[{"href":"https:\/\/cimatsrl.com\/es\/wp-json\/wp\/v2\/pages\/1644","targetHints":{"allow":["GET"]}}],"collection":[{"href":"https:\/\/cimatsrl.com\/es\/wp-json\/wp\/v2\/pages"}],"about":[{"href":"https:\/\/cimatsrl.com\/es\/wp-json\/wp\/v2\/types\/page"}],"author":[{"embeddable":true,"href":"https:\/\/cimatsrl.com\/es\/wp-json\/wp\/v2\/users\/1"}],"replies":[{"embeddable":true,"href":"https:\/\/cimatsrl.com\/es\/wp-json\/wp\/v2\/comments?post=1644"}],"version-history":[{"count":0,"href":"https:\/\/cimatsrl.com\/es\/wp-json\/wp\/v2\/pages\/1644\/revisions"}],"wp:attachment":[{"href":"https:\/\/cimatsrl.com\/es\/wp-json\/wp\/v2\/media?parent=1644"}],"curies":[{"name":"wp","href":"https:\/\/api.w.org\/{rel}","templated":true}]}}